{"id":120,"date":"2025-09-09T18:54:05","date_gmt":"2025-09-09T16:54:05","guid":{"rendered":"https:\/\/hintzonline.de\/?page_id=120"},"modified":"2025-09-09T18:54:05","modified_gmt":"2025-09-09T16:54:05","slug":"impressum","status":"publish","type":"page","link":"https:\/\/hintzonline.de\/?page_id=120","title":{"rendered":"Impressum"},"content":{"rendered":"<section class=\"av_textblock_section \"  itemscope=\"itemscope\" itemtype=\"https:\/\/schema.org\/CreativeWork\" ><div class='avia_textblock  '   itemprop=\"text\" ><p style=\"text-align: center;\">Inhaltlich Verantwortlicher gem\u00e4ss \u00a7 10 Absatz 3 MDStV:<br \/>\n<b>Hintzonline <\/b>, Inh. Andreas Hintz<br \/>\nHangweg 8, 64678 Lindenfels<br \/>\nTel. 06255-9683811<br \/>\nFax. 06255-9683812<br \/>\nMobil. 0171-1718982<br \/>\ne-Mail: <a href=\"mailto:info@hintzonline.de\">info@hintzonline.de<\/a><\/p>\n<p style=\"text-align: center;\">Steuernummer: 017 827 60883<br \/>\nUmsatzsteuer-ID: DE243718615<\/p>\n<p style=\"text-align: center;\"><b>Haftungshinweis: <\/b><br \/>\nTrotz sorgf\u00e4ltiger inhaltlicher Kontrolle \u00fcbernehmen wir keine Haftung f\u00fcr die Inhalte externer Links.<br \/>\nF\u00fcr den Inhalt der verlinkten Seiten sind ausschliesslich deren Betreiber verantwortlich.<\/p>\n<\/div><\/section>\n","protected":false},"excerpt":{"rendered":"","protected":false},"author":1,"featured_media":0,"parent":0,"menu_order":0,"comment_status":"closed","ping_status":"closed","template":"","meta":{"footnotes":""},"class_list":["post-120","page","type-page","status-publish","hentry"],"_links":{"self":[{"href":"https:\/\/hintzonline.de\/index.php?rest_route=\/wp\/v2\/pages\/120","targetHints":{"allow":["GET"]}}],"collection":[{"href":"https:\/\/hintzonline.de\/index.php?rest_route=\/wp\/v2\/pages"}],"about":[{"href":"https:\/\/hintzonline.de\/index.php?rest_route=\/wp\/v2\/types\/page"}],"author":[{"embeddable":true,"href":"https:\/\/hintzonline.de\/index.php?rest_route=\/wp\/v2\/users\/1"}],"replies":[{"embeddable":true,"href":"https:\/\/hintzonline.de\/index.php?rest_route=%2Fwp%2Fv2%2Fcomments&post=120"}],"version-history":[{"count":1,"href":"https:\/\/hintzonline.de\/index.php?rest_route=\/wp\/v2\/pages\/120\/revisions"}],"predecessor-version":[{"id":121,"href":"https:\/\/hintzonline.de\/index.php?rest_route=\/wp\/v2\/pages\/120\/revisions\/121"}],"wp:attachment":[{"href":"https:\/\/hintzonline.de\/index.php?rest_route=%2Fwp%2Fv2%2Fmedia&parent=120"}],"curies":[{"name":"wp","href":"https:\/\/api.w.org\/{rel}","templated":true}]}}