{"id":128,"date":"2025-09-10T08:55:07","date_gmt":"2025-09-10T06:55:07","guid":{"rendered":"https:\/\/hintzonline.de\/?page_id=128"},"modified":"2025-09-29T08:26:09","modified_gmt":"2025-09-29T06:26:09","slug":"hilfreiche-tipps-zur-fritzbox","status":"publish","type":"page","link":"https:\/\/hintzonline.de\/?page_id=128","title":{"rendered":"Hilfreiche Tipps zur Fritzbox"},"content":{"rendered":"<section class=\"av_textblock_section \"  itemscope=\"itemscope\" itemtype=\"https:\/\/schema.org\/CreativeWork\" ><div class='avia_textblock  '   itemprop=\"text\" ><p><a href=\"https:\/\/hintzonline.de\/?page_id=109\" rel=\"noopener\">T-Online-Zugangsdaten richtig eintragen<\/a><\/p>\n<p>Wie Sie Ihre T-Online-Zugangsdaten in der Fritzbox richtig eingeben.<\/p>\n<p><a href=\"https:\/\/hintzonline.de\/?page_id=135\" rel=\"noopener\">B\u00f6se Webseiten blockieren<\/a><\/p>\n<p>Wenn Sie verhindern m\u00f6chten, dass alle Computer, Smartphones, Tablets oder Smart-TVs in Ihrem WLAN auf bestimmte Internetseiten zugreifen k\u00f6nnen, hilft Ihnen Ihre FritzBox.<\/p>\n<p><a href=\"https:\/\/hintzonline.de\/?page_id=154\" rel=\"noopener\">WLAN-Auslastung \u00fcberpr\u00fcfen<\/a><\/p>\n<p>Wie stark war Ihr Heimnetz per WLAN in den letzten Tagen beansprucht?<\/p>\n<p><a href=\"https:\/\/hintzonline.de\/?page_id=343\">Online-Telefonbuch in Fritzbox \u00fcbernehmen<\/a><\/p>\n<p>Wie Sie Online-Telefonb\u00fccher (z.B. die Google-Kontakte) mit Ihrer Fritzbox nutzen k\u00f6nnen.<\/p>\n<p><a href=\"https:\/\/hintzonline.de\/?page_id=349\">Automatischer WLAN-Frequenzwechsel<\/a><\/p>\n<p>Dank der Funktion \u201eBand Steering\u201c wechseln Ihre Ger\u00e4te automatisch zur besten WLAN-Frequenz, etwa wenn Sie den Raum wechseln.<\/p>\n<p><a href=\"https:\/\/hintzonline.de\/?page_id=354\">WLAN-Empfang am PC verbessern<\/a><\/p>\n<p>Einige PC-Netzwerkkarten verringern die Bandbreite auf hohen 5-Gigahertz-Kan\u00e4len. Lahmt das WLAN am Computer, probieren Sie es mit einem niedrigeren Funkkanal.<\/p>\n<p><a href=\"https:\/\/hintzonline.de\/?page_id=357\">Einstellungen sichern<\/a><\/p>\n<p>Mit einer Sicherung k\u00f6nnen Sie Ihre Fritz-Box-Einstellungen nicht nur notfalls wiederherstellen, sondern auch auf ein neues Modell umziehen.<\/p>\n<p><a href=\"https:\/\/hintzonline.de\/?page_id=360\">Fritz-Box-Men\u00fc aufrufen<\/a><\/p>\n<p>Alle M\u00f6glichkeiten, wie Sie das Men\u00fc der Fritz-Box \u00fcber die Adresszeile des Browsers aufrufen k\u00f6nnen.<\/p>\n<p><a href=\"https:\/\/hintzonline.de\/?page_id=363\">Per Fernzugriff ins Heimnetz<\/a><\/p>\n<p>Per Fernzugriff aufs Heimnetz rufen Sie zum Beispiel Dateien auf mit der FritzBox verbundenen Festplatten auf oder schicken Dokumente an den Netzwerkdrucker.<\/p>\n<p><a href=\"https:\/\/hintzonline.de\/?page_id=366\">Drucker im Heimnetz nutzen<\/a><\/p>\n<p>Sie besitzen nur einen Drucker, aber mehrere Windows-Computer, die \u00fcberall im Haus verteilt sind?<br \/>\n\u00dcber die FritzBox geben Sie einen per USB angeschlossenen Drucker schnell und einfach f\u00fcr alle PCs im Netzwerk frei.<\/p>\n<p><a href=\"https:\/\/hintzonline.de\/?page_id=369\">Werkseinstellung laden<\/a><\/p>\n<p>Manchmal ist es sinnvoll, die FritzBox zur\u00fcckzusetzen, zum Beispiel vor dem Verkauf.<\/p>\n<p><a href=\"https:\/\/hintzonline.de\/?page_id=441\">Spam-Anrufe blockieren<\/a><\/p>\n<p>Wie Sie unerw\u00fcnschte Anrufe (z.B. Werbeanrufe) blockieren k\u00f6nnen.<\/p>\n<\/div><\/section>\n","protected":false},"excerpt":{"rendered":"","protected":false},"author":1,"featured_media":0,"parent":0,"menu_order":0,"comment_status":"closed","ping_status":"closed","template":"","meta":{"footnotes":""},"class_list":["post-128","page","type-page","status-publish","hentry"],"_links":{"self":[{"href":"https:\/\/hintzonline.de\/index.php?rest_route=\/wp\/v2\/pages\/128","targetHints":{"allow":["GET"]}}],"collection":[{"href":"https:\/\/hintzonline.de\/index.php?rest_route=\/wp\/v2\/pages"}],"about":[{"href":"https:\/\/hintzonline.de\/index.php?rest_route=\/wp\/v2\/types\/page"}],"author":[{"embeddable":true,"href":"https:\/\/hintzonline.de\/index.php?rest_route=\/wp\/v2\/users\/1"}],"replies":[{"embeddable":true,"href":"https:\/\/hintzonline.de\/index.php?rest_route=%2Fwp%2Fv2%2Fcomments&post=128"}],"version-history":[{"count":22,"href":"https:\/\/hintzonline.de\/index.php?rest_route=\/wp\/v2\/pages\/128\/revisions"}],"predecessor-version":[{"id":443,"href":"https:\/\/hintzonline.de\/index.php?rest_route=\/wp\/v2\/pages\/128\/revisions\/443"}],"wp:attachment":[{"href":"https:\/\/hintzonline.de\/index.php?rest_route=%2Fwp%2Fv2%2Fmedia&parent=128"}],"curies":[{"name":"wp","href":"https:\/\/api.w.org\/{rel}","templated":true}]}}