{"id":141,"date":"2025-09-10T11:05:27","date_gmt":"2025-09-10T09:05:27","guid":{"rendered":"https:\/\/hintzonline.de\/?page_id=141"},"modified":"2026-01-11T01:31:27","modified_gmt":"2026-01-10T23:31:27","slug":"tipps-zu-windows-11","status":"publish","type":"page","link":"https:\/\/hintzonline.de\/?page_id=141","title":{"rendered":"Tipps zu Windows 11"},"content":{"rendered":"<p><a href=\"https:\/\/hintzonline.de\/?page_id=145\" rel=\"noopener\">Mauszeiger beim Tippen automatisch ausblenden.<\/a><\/p>\n<p>Wenn Sie sich beim Tippen vom Mauszeiger auf dem Bildschirm gest\u00f6rt f\u00fchlen, k\u00f6nnen Sie das ganz einfach unterbinden.<\/p>\n<p><a href=\"https:\/\/hintzonline.de\/?page_id=158\" rel=\"noopener\">Menue &#8222;Senden An&#8220; aufr\u00e4umen<\/a><\/p>\n<p>Der Kontextmen\u00fc-Befehl \u201eSenden an\u201c ist praktisch, um Dateien schnell an bestimmte Orte zu verschieben. Diese Liste k\u00f6nnen Sie aber mit wenigen Klicks aufr\u00e4umen.<\/p>\n<p><a href=\"https:\/\/hintzonline.de\/?page_id=164\" rel=\"noopener\">Sonderzeichen eingeben<\/a><\/p>\n<p>Manche Zeichen wie das Copyright-Symbol \u00a9, griechische Buchstaben oder spitze Anf\u00fchrungszeichen lassen sich \u00fcber Tastenkombinationen eingeben. Alternativ nutzen Sie das Windows-Tool \u201echarmap\u201c.<\/p>\n<p><a href=\"https:\/\/hintzonline.de\/?page_id=174\" rel=\"noopener\">Bildschirmfoto mit Windows erstellen<\/a><\/p>\n<p>Wie Sie ein Bildschirmfoto mit Windows ganz einfach erstellen k\u00f6nnen.<\/p>\n<p><a href=\"https:\/\/hintzonline.de\/?page_id=180\" rel=\"noopener\">Lahme Rechner beschleunigen<\/a><\/p>\n<p>Wie Sie den Indexierungsdienst deaktivieren, um Ihren alten Computer zu beschleunigen.<\/p>\n<p><a href=\"https:\/\/hintzonline.de\/?page_id=183\" rel=\"noopener\">Stressfreier Fensterwechsel<\/a><\/p>\n<p>Ein n\u00fctzlicher Tipp f\u00fcr alle, die regelm\u00e4\u00dfig mit vielen ge\u00f6ffneten Fenstern arbeiten und den klassischen Fensterwechsel per Tastatur sch\u00e4tzen.<\/p>\n<p><a href=\"https:\/\/hintzonline.de\/?page_id=203\">Windows Countdown einrichten<\/a><\/p>\n<p>Wie Sie mit der Windows Uhr-App einen Countdown einrichten.<\/p>\n<p><a href=\"https:\/\/hintzonline.de\/?page_id=327\">Anzeigedauer der Meldungen unten rechts einstellen<\/a><\/p>\n<p>Wie Sie die Anzeigedauer der Meldungen unten rechts im Bildschirm verl\u00e4ngern k\u00f6nnen.<\/p>\n<p><a href=\"https:\/\/hintzonline.de\/?page_id=373\">Browsertabs schneller schlie\u00dfen<\/a><\/p>\n<p>Sobald Sie etwa zehn oder mehr Tabs ge\u00f6ffnet haben, wird es zunehmend schwieriger, das kleine \u201ex\u201c-Symbol auf den einzelnen Registerkarten pr\u00e4zise mit dem Mauszeiger zu treffen.<\/p>\n<p><a href=\"https:\/\/hintzonline.de\/?page_id=400\">Windows 11 Anmeldung umgehen<\/a><\/p>\n<p>Sie finden es \u00fcberfl\u00fcssig, sich bei jedem Windows-11-Start mit Ihrem Passwort anzumelden?<br \/>\nMit diesem Trick k\u00f6nnen Sie diese oft unn\u00f6tige Prozedur \u00fcberspringen<\/p>\n<p><a href=\"https:\/\/hintzonline.de\/?page_id=413\">Windowslautst\u00e4rke per Mausrad regeln<\/a><\/p>\n<p>Wie Sie problemlos die Lautst\u00e4rke mit dem Mausrad regeln.<\/p>\n<p><a href=\"https:\/\/hintzonline.de\/?page_id=416\">Kapazit\u00e4t Ihres Notebook-Akkus \u00fcberpr\u00fcfen<\/a><\/p>\n<p>Wie Sie die aktuelle Kapazit\u00e4t Ihres Notebook-Akkus \u00fcberpr\u00fcfen k\u00f6nnen.<\/p>\n<p><a href=\"https:\/\/hintzonline.de\/?page_id=419\">Dateiensuche durch Suchoptionen verbessern<\/a><\/p>\n<p>Wie Sie die Dateiensuche durch verschiedene Suchoptionen deutlich verbessern k\u00f6nnen.<\/p>\n<p><a href=\"https:\/\/hintzonline.de\/?page_id=435\">Zugriff auf Web-Cam \u00fcberpr\u00fcfen<\/a><\/p>\n<p>Haben Sie den Verdacht, dass ein Hacker oder eine unbekannte Anwendung heimlich Ihre Webcam nutzt?<br \/>\nMit Windows 11 k\u00f6nnen Sie das ganz einfach \u00fcberpr\u00fcfen.<\/p>\n<p><a href=\"https:\/\/hintzonline.de\/?page_id=449\">Gr\u00fcndlichere Dateiensuche<\/a><\/p>\n<p>Hat Windows noch nicht alle Dateien indiziert, ber\u00fccksichtigt das Betriebssystem bei der Suche lediglich Dateinamen, aber nicht die Inhalte der Dateien. Sie k\u00f6nnen Windows aber auch so einstellen, dass es generell auch den Dateiinhalt nach Suchbegriffen durchforstet.<\/p>\n<p><a href=\"https:\/\/hintzonline.de\/?page_id=496\" rel=\"noopener\">St\u00f6rrische Programme per Rechts-Klick beenden<\/a><\/p>\n<p>Wie Sie nicht mehr funktionierende Programme einfach mit einem Rechtsklick auf das Programm-Symbol in der Taskleiste beenden k\u00f6nnen.<\/p>\n","protected":false},"excerpt":{"rendered":"<p>Mauszeiger beim Tippen automatisch ausblenden. Wenn Sie sich beim Tippen vom Mauszeiger auf dem Bildschirm gest\u00f6rt f\u00fchlen, k\u00f6nnen Sie das ganz einfach unterbinden. Menue &#8222;Senden An&#8220; aufr\u00e4umen Der Kontextmen\u00fc-Befehl \u201eSenden an\u201c ist praktisch, um Dateien schnell an bestimmte Orte zu verschieben. Diese Liste k\u00f6nnen Sie aber mit wenigen Klicks aufr\u00e4umen. Sonderzeichen eingeben Manche Zeichen wie [&hellip;]<\/p>\n","protected":false},"author":1,"featured_media":0,"parent":0,"menu_order":0,"comment_status":"closed","ping_status":"closed","template":"","meta":{"footnotes":""},"class_list":["post-141","page","type-page","status-publish","hentry"],"_links":{"self":[{"href":"https:\/\/hintzonline.de\/index.php?rest_route=\/wp\/v2\/pages\/141","targetHints":{"allow":["GET"]}}],"collection":[{"href":"https:\/\/hintzonline.de\/index.php?rest_route=\/wp\/v2\/pages"}],"about":[{"href":"https:\/\/hintzonline.de\/index.php?rest_route=\/wp\/v2\/types\/page"}],"author":[{"embeddable":true,"href":"https:\/\/hintzonline.de\/index.php?rest_route=\/wp\/v2\/users\/1"}],"replies":[{"embeddable":true,"href":"https:\/\/hintzonline.de\/index.php?rest_route=%2Fwp%2Fv2%2Fcomments&post=141"}],"version-history":[{"count":27,"href":"https:\/\/hintzonline.de\/index.php?rest_route=\/wp\/v2\/pages\/141\/revisions"}],"predecessor-version":[{"id":500,"href":"https:\/\/hintzonline.de\/index.php?rest_route=\/wp\/v2\/pages\/141\/revisions\/500"}],"wp:attachment":[{"href":"https:\/\/hintzonline.de\/index.php?rest_route=%2Fwp%2Fv2%2Fmedia&parent=141"}],"curies":[{"name":"wp","href":"https:\/\/api.w.org\/{rel}","templated":true}]}}