{"id":145,"date":"2025-09-10T11:08:42","date_gmt":"2025-09-10T09:08:42","guid":{"rendered":"https:\/\/hintzonline.de\/?page_id=145"},"modified":"2025-09-11T13:40:08","modified_gmt":"2025-09-11T11:40:08","slug":"mauszeiger-beim-tippen-automatisch-ausblenden","status":"publish","type":"page","link":"https:\/\/hintzonline.de\/?page_id=145","title":{"rendered":"Mauszeiger beim Tippen automatisch ausblenden"},"content":{"rendered":"<section class=\"av_textblock_section \"  itemscope=\"itemscope\" itemtype=\"https:\/\/schema.org\/CreativeWork\" ><div class='avia_textblock  '   itemprop=\"text\" ><p>Wenn Sie sich beim Tippen vom Mauszeiger auf dem Bildschirm gest\u00f6rt f\u00fchlen, k\u00f6nnen Sie das ganz einfach unterbinden.<\/p>\n<p>So geht\u2019s: Sie \u00f6ffnen zun\u00e4chst die Einstellungen mit der Tastenkombination <span style=\"color: #3366ff;\">Windowstaste + I<\/span> und wechseln in den Bereich <span style=\"color: #3366ff;\">Barrierefreiheit<\/span>.<\/p>\n<p>Dort klicken Sie im Abschnitt <span style=\"color: #3366ff;\">\u201eInteraktion\u201c<\/span> auf <span style=\"color: #3366ff;\">Maus<\/span>. Aktivieren Sie hier die Einstellung <span style=\"color: #3366ff;\">Zeiger w\u00e4hrend der Ausgabe ausblenden<\/span>, und schon verschwindet der Cursor w\u00e4hrend des Tippens.<br \/>\nEr erscheint erst wieder, sobald Sie die Maus wieder bewegen.<\/p>\n<\/div><\/section>\n<div  class='avia-button-wrap avia-button-center  avia-builder-el-1  el_after_av_textblock  avia-builder-el-last ' ><a href='https:\/\/hintzonline.de\/?page_id=141'  class='avia-button  avia-color-theme-color   avia-icon_select-yes-left-icon avia-size-small avia-position-center '   ><span class='avia_button_icon avia_button_icon_left ' aria-hidden='true' data-av_icon='\ue830' data-av_iconfont='entypo-fontello'><\/span><span class='avia_iconbox_title' >Zur\u00fcck<\/span><\/a><\/div>\n","protected":false},"excerpt":{"rendered":"","protected":false},"author":1,"featured_media":0,"parent":0,"menu_order":0,"comment_status":"closed","ping_status":"closed","template":"","meta":{"footnotes":""},"class_list":["post-145","page","type-page","status-publish","hentry"],"_links":{"self":[{"href":"https:\/\/hintzonline.de\/index.php?rest_route=\/wp\/v2\/pages\/145","targetHints":{"allow":["GET"]}}],"collection":[{"href":"https:\/\/hintzonline.de\/index.php?rest_route=\/wp\/v2\/pages"}],"about":[{"href":"https:\/\/hintzonline.de\/index.php?rest_route=\/wp\/v2\/types\/page"}],"author":[{"embeddable":true,"href":"https:\/\/hintzonline.de\/index.php?rest_route=\/wp\/v2\/users\/1"}],"replies":[{"embeddable":true,"href":"https:\/\/hintzonline.de\/index.php?rest_route=%2Fwp%2Fv2%2Fcomments&post=145"}],"version-history":[{"count":8,"href":"https:\/\/hintzonline.de\/index.php?rest_route=\/wp\/v2\/pages\/145\/revisions"}],"predecessor-version":[{"id":191,"href":"https:\/\/hintzonline.de\/index.php?rest_route=\/wp\/v2\/pages\/145\/revisions\/191"}],"wp:attachment":[{"href":"https:\/\/hintzonline.de\/index.php?rest_route=%2Fwp%2Fv2%2Fmedia&parent=145"}],"curies":[{"name":"wp","href":"https:\/\/api.w.org\/{rel}","templated":true}]}}