{"id":15,"date":"2025-09-08T21:12:24","date_gmt":"2025-09-08T19:12:24","guid":{"rendered":"https:\/\/hintzonline.de\/?page_id=15"},"modified":"2025-09-12T02:52:12","modified_gmt":"2025-09-12T00:52:12","slug":"willkommen","status":"publish","type":"page","link":"https:\/\/hintzonline.de\/","title":{"rendered":"Herzlich Willkommen"},"content":{"rendered":"\r\n<p><strong>Hintzonline<\/strong> hilft Ihnen, Ihr Unternehmen webgerecht im Internet zu pr\u00e4sentieren.<\/p>\r\n\r\n\r\n\r\n<p>Haben Sie sich schon einmal die <strong>Vorteile einer Firmenpr\u00e4sentation im Internet<\/strong> bewusst gemacht ?<\/p>\r\n\r\n\r\n\r\n<p>Sie k\u00f6nnen mit einem sehr geringen finanziellen Aufwand:<\/p>\r\n\r\n\r\n\r\n<ul class=\"wp-block-list\">\r\n<li>Neue K\u00e4ufer- bzw. Interessentenschichten erschliessen<\/li>\r\n\r\n\r\n\r\n<li>Ihrem bereits bestehenden Kundenstamm eine hervorragende Informationsquelle anbieten<\/li>\r\n\r\n\r\n\r\n<li>Schnell und fl\u00e4chendeckend, z. B. durch einen Newsletter, \u00fcber Ver\u00e4nderungen, Erneuerungen oder verschiedene Angebote informieren<\/li>\r\n\r\n\r\n\r\n<li>Ihre Produkte mit Online-Shops direkt \u00fcber das Internet vertreiben<\/li>\r\n\r\n\r\n\r\n<li>Eine einfache und schnelle Kontaktm\u00f6glichkeit zwischen Kunden und Unternehmen schaffen<\/li>\r\n<\/ul>\r\n\r\n\r\n\r\n<p>Sie liegen mit einer Pr\u00e4sentation Ihres Unternehmens im Internet im Trend der Zeit.<br \/>Verpassen Sie nicht den Anschluss an die Zukunft, sondern lassen Sie sich von mir unverbindlich beraten.<br \/>Wir finden sicher gemeinsam eine sinnvolle L\u00f6sung Ihre Firma optimal in die Welt des Internets zu integrieren.<\/p>\r\n\r\n\r\n\r\n<p>Selbstverst\u00e4ndlich \u00fcbernehme ich auch die Pflege und Aktualisierung bereits bestehender Webseiten.<\/p>\r\n\r\n\r\n\r\n<p><strong>Ich freue mich auf ein Gespr\u00e4ch mit Ihnen.<\/strong><\/p>\r\n","protected":false},"excerpt":{"rendered":"<p>Hintzonline hilft Ihnen, Ihr Unternehmen webgerecht im Internet zu pr\u00e4sentieren. Haben Sie sich schon einmal die Vorteile einer Firmenpr\u00e4sentation im Internet bewusst gemacht ? Sie k\u00f6nnen mit einem sehr geringen finanziellen Aufwand: Sie liegen mit einer Pr\u00e4sentation Ihres Unternehmens im Internet im Trend der Zeit.Verpassen Sie nicht den Anschluss an die Zukunft, sondern lassen Sie [&hellip;]<\/p>\n","protected":false},"author":1,"featured_media":0,"parent":0,"menu_order":0,"comment_status":"closed","ping_status":"closed","template":"","meta":{"footnotes":""},"class_list":["post-15","page","type-page","status-publish","hentry"],"_links":{"self":[{"href":"https:\/\/hintzonline.de\/index.php?rest_route=\/wp\/v2\/pages\/15","targetHints":{"allow":["GET"]}}],"collection":[{"href":"https:\/\/hintzonline.de\/index.php?rest_route=\/wp\/v2\/pages"}],"about":[{"href":"https:\/\/hintzonline.de\/index.php?rest_route=\/wp\/v2\/types\/page"}],"author":[{"embeddable":true,"href":"https:\/\/hintzonline.de\/index.php?rest_route=\/wp\/v2\/users\/1"}],"replies":[{"embeddable":true,"href":"https:\/\/hintzonline.de\/index.php?rest_route=%2Fwp%2Fv2%2Fcomments&post=15"}],"version-history":[{"count":4,"href":"https:\/\/hintzonline.de\/index.php?rest_route=\/wp\/v2\/pages\/15\/revisions"}],"predecessor-version":[{"id":334,"href":"https:\/\/hintzonline.de\/index.php?rest_route=\/wp\/v2\/pages\/15\/revisions\/334"}],"wp:attachment":[{"href":"https:\/\/hintzonline.de\/index.php?rest_route=%2Fwp%2Fv2%2Fmedia&parent=15"}],"curies":[{"name":"wp","href":"https:\/\/api.w.org\/{rel}","templated":true}]}}