{"id":158,"date":"2025-09-10T11:41:10","date_gmt":"2025-09-10T09:41:10","guid":{"rendered":"https:\/\/hintzonline.de\/?page_id=158"},"modified":"2025-09-11T13:40:43","modified_gmt":"2025-09-11T11:40:43","slug":"menue-senden-an-aufraeumen","status":"publish","type":"page","link":"https:\/\/hintzonline.de\/?page_id=158","title":{"rendered":"Menue &#8222;Senden An&#8220; aufr\u00e4umen"},"content":{"rendered":"<section class=\"av_textblock_section \"  itemscope=\"itemscope\" itemtype=\"https:\/\/schema.org\/CreativeWork\" ><div class='avia_textblock  '   itemprop=\"text\" ><p>Der Kontextmen\u00fc-Befehl \u201eSenden an\u201c ist praktisch, um Dateien schnell an bestimmte Orte zu verschieben oder neue Verkn\u00fcpfungen zu erstellen.<br \/>\nDoch oft finden sich dort \u00fcberfl\u00fcssige Eintr\u00e4ge wie Bluetooth-Ger\u00e4te oder Faxempf\u00e4nger, die kaum jemand nutzt. Diese Liste k\u00f6nnen Sie aber mit wenigen Klicks aufr\u00e4umen.<br \/>\nDr\u00fccken Sie gleichzeitig die <span style=\"color: #3366ff;\">Windowstaste + R<\/span>, geben Sie <span style=\"color: #3366ff;\">shell:sendto<\/span> ein, und best\u00e4tigen Sie mit <span style=\"color: #3366ff;\">OK<\/span>.<br \/>\nIm nun ge\u00f6ffneten Ordner sehen Sie alle Verkn\u00fcpfungen, die Sie aus dem Men\u00fc \u201eSenden an\u201c l\u00f6schen k\u00f6nnen.<br \/>\nEntfernen Sie \u00fcberfl\u00fcssige Eintr\u00e4ge, indem Sie sie mit der <span style=\"color: #3366ff;\">rechten Maustaste markieren<\/span> und dann auf <span style=\"color: #3366ff;\">L\u00f6schen<\/span> klicken.<\/p>\n<\/div><\/section>\n<div  class='avia-button-wrap avia-button-center  avia-builder-el-1  el_after_av_textblock  avia-builder-el-last ' ><a href='https:\/\/hintzonline.de\/?page_id=141'  class='avia-button  avia-color-theme-color   avia-icon_select-yes-left-icon avia-size-small avia-position-center '   ><span class='avia_button_icon avia_button_icon_left ' aria-hidden='true' data-av_icon='\ue830' data-av_iconfont='entypo-fontello'><\/span><span class='avia_iconbox_title' >Zur\u00fcck<\/span><\/a><\/div>\n","protected":false},"excerpt":{"rendered":"","protected":false},"author":1,"featured_media":0,"parent":0,"menu_order":0,"comment_status":"closed","ping_status":"closed","template":"","meta":{"footnotes":""},"class_list":["post-158","page","type-page","status-publish","hentry"],"_links":{"self":[{"href":"https:\/\/hintzonline.de\/index.php?rest_route=\/wp\/v2\/pages\/158","targetHints":{"allow":["GET"]}}],"collection":[{"href":"https:\/\/hintzonline.de\/index.php?rest_route=\/wp\/v2\/pages"}],"about":[{"href":"https:\/\/hintzonline.de\/index.php?rest_route=\/wp\/v2\/types\/page"}],"author":[{"embeddable":true,"href":"https:\/\/hintzonline.de\/index.php?rest_route=\/wp\/v2\/users\/1"}],"replies":[{"embeddable":true,"href":"https:\/\/hintzonline.de\/index.php?rest_route=%2Fwp%2Fv2%2Fcomments&post=158"}],"version-history":[{"count":4,"href":"https:\/\/hintzonline.de\/index.php?rest_route=\/wp\/v2\/pages\/158\/revisions"}],"predecessor-version":[{"id":192,"href":"https:\/\/hintzonline.de\/index.php?rest_route=\/wp\/v2\/pages\/158\/revisions\/192"}],"wp:attachment":[{"href":"https:\/\/hintzonline.de\/index.php?rest_route=%2Fwp%2Fv2%2Fmedia&parent=158"}],"curies":[{"name":"wp","href":"https:\/\/api.w.org\/{rel}","templated":true}]}}