{"id":164,"date":"2025-09-10T12:07:26","date_gmt":"2025-09-10T10:07:26","guid":{"rendered":"https:\/\/hintzonline.de\/?page_id=164"},"modified":"2025-09-11T13:41:19","modified_gmt":"2025-09-11T11:41:19","slug":"sonderzeichen-eingeben","status":"publish","type":"page","link":"https:\/\/hintzonline.de\/?page_id=164","title":{"rendered":"Sonderzeichen eingeben"},"content":{"rendered":"<section class=\"av_textblock_section \"  itemscope=\"itemscope\" itemtype=\"https:\/\/schema.org\/CreativeWork\" ><div class='avia_textblock  '   itemprop=\"text\" ><p>Manche Zeichen wie das Copyright-Symbol \u00a9, griechische Buchstaben oder spitze Anf\u00fchrungszeichen lassen sich \u00fcber Tastenkombinationen eingeben.<br \/>\nF\u00fcr das Copyright-Zeichen halten Sie zum Beispiel die Taste &#8222;Alt&#8220; gedr\u00fcckt und tippen auf dem Ziffernblock 0169.<br \/>\nAlternativ nutzen Sie das Windows-Tool \u201echarmap\u201c.<br \/>\n\u00d6ffnen Sie den Ausf\u00fchren-Dialog mit der Tastenkombination <span style=\"color: #3366ff;\">Windowstaste + R<\/span>, geben <span style=\"color: #3366ff;\">charmap<\/span> ein und best\u00e4tigen mit der Eingabetaste. Dadurch \u00f6ffnet sich die Zeichentabelle, die alle verf\u00fcgbaren Sonderzeichen anzeigt. Klicken Sie ein Sonderzeichen an, erscheint unten eine Beschreibung und oft auch die zugeh\u00f6rige Tastenkombination.<br \/>\nMit Klicks auf <span style=\"color: #3366ff;\">Ausw\u00e4hlen<\/span> und <span style=\"color: #3366ff;\">Kopieren<\/span> kopieren Sie ein Zeichen in die Zwischenablage.<br \/>\nMit der Tastenkombination <span style=\"color: #3366ff;\">Strg + V<\/span> f\u00fcgen Sie es dann zum Beispiel in einen Text ein.<\/p>\n<\/div><\/section>\n<div  class='avia-button-wrap avia-button-center  avia-builder-el-1  el_after_av_textblock  avia-builder-el-last ' ><a href='https:\/\/hintzonline.de\/?page_id=141'  class='avia-button  avia-color-theme-color   avia-icon_select-yes-left-icon avia-size-small avia-position-center '   ><span class='avia_button_icon avia_button_icon_left ' aria-hidden='true' data-av_icon='\ue830' data-av_iconfont='entypo-fontello'><\/span><span class='avia_iconbox_title' >Zur\u00fcck<\/span><\/a><\/div>\n","protected":false},"excerpt":{"rendered":"","protected":false},"author":1,"featured_media":0,"parent":0,"menu_order":0,"comment_status":"closed","ping_status":"closed","template":"","meta":{"footnotes":""},"class_list":["post-164","page","type-page","status-publish","hentry"],"_links":{"self":[{"href":"https:\/\/hintzonline.de\/index.php?rest_route=\/wp\/v2\/pages\/164","targetHints":{"allow":["GET"]}}],"collection":[{"href":"https:\/\/hintzonline.de\/index.php?rest_route=\/wp\/v2\/pages"}],"about":[{"href":"https:\/\/hintzonline.de\/index.php?rest_route=\/wp\/v2\/types\/page"}],"author":[{"embeddable":true,"href":"https:\/\/hintzonline.de\/index.php?rest_route=\/wp\/v2\/users\/1"}],"replies":[{"embeddable":true,"href":"https:\/\/hintzonline.de\/index.php?rest_route=%2Fwp%2Fv2%2Fcomments&post=164"}],"version-history":[{"count":2,"href":"https:\/\/hintzonline.de\/index.php?rest_route=\/wp\/v2\/pages\/164\/revisions"}],"predecessor-version":[{"id":193,"href":"https:\/\/hintzonline.de\/index.php?rest_route=\/wp\/v2\/pages\/164\/revisions\/193"}],"wp:attachment":[{"href":"https:\/\/hintzonline.de\/index.php?rest_route=%2Fwp%2Fv2%2Fmedia&parent=164"}],"curies":[{"name":"wp","href":"https:\/\/api.w.org\/{rel}","templated":true}]}}