{"id":174,"date":"2025-09-10T21:38:06","date_gmt":"2025-09-10T19:38:06","guid":{"rendered":"https:\/\/hintzonline.de\/?page_id=174"},"modified":"2025-09-11T13:41:47","modified_gmt":"2025-09-11T11:41:47","slug":"bildschirmfoto-mit-windows-erstellen","status":"publish","type":"page","link":"https:\/\/hintzonline.de\/?page_id=174","title":{"rendered":"Bildschirmfoto mit Windows erstellen"},"content":{"rendered":"<section class=\"av_textblock_section \"  itemscope=\"itemscope\" itemtype=\"https:\/\/schema.org\/CreativeWork\" ><div class='avia_textblock  '   itemprop=\"text\" ><p><span data-huuid=\"3088194866380343293\">Um ein Bildschirmfoto unter Windows zu erstellen, nutzen Sie die <mark class=\"QVRyCf\">Tastenkombination Windows-Logo-Taste + UMSCHALT + S f\u00fcr einen Bereichsausschnitt oder das \u00d6ffnen des Snipping Tools<\/mark>. <\/span><span data-huuid=\"3088194866380343480\">F\u00fcr einen Screenshot des gesamten Bildschirms dr\u00fccken Sie die Druck-Taste (PrtScn), um ihn in die Zwischenablage zu kopieren, oder die Windows-Logo-Taste + Druck-Taste, um ihn direkt als Datei im Ordner &#8222;Bilder\/Bildschirmfotos&#8220; zu speichern.<span class=\"pjBG2e\" data-cid=\"ae47aede-c8df-4704-8de2-b8129a781453\"><span class=\"UV3uM\">\u00a0<\/span><\/span><\/span><\/p>\n<div class=\"NPrrbc\" data-cid=\"ae47aede-c8df-4704-8de2-b8129a781453\" data-uuids=\"3088194866380343293,3088194866380343480\">\n<div class=\"BMebGe btku5b fCrZyc LwdV0e FR7ZSc qVhvac OJeuxf\" tabindex=\"0\" role=\"button\" aria-label=\"Weitere Informationen anzeigen\" data-hveid=\"CCwQAQ\" data-ved=\"2ahUKEwiw96Ha9s6PAxUjhf0HHfmAMIUQ3fYKegQILBAB\">\n<div class=\"niO4u\">\n<div class=\"kHtcsd\"><strong><span role=\"heading\" aria-level=\"2\">Screenshot eines bestimmten Bereichs (Windows 10\/11):<\/span><\/strong><\/div>\n<\/div>\n<\/div>\n<\/div>\n<div class=\"WaaZC\">\n<p><span data-huuid=\"3088194866380344415\">Dr\u00fccken Sie <span style=\"color: #3366ff;\">Windows-Logo-Taste + UMSCHALT + S<\/span> gleichzeitig.<span class=\"pjBG2e\" data-cid=\"5064a89f-882c-433f-927f-43b5834b6b62\"><span class=\"UV3uM\"><br \/>\n<\/span><\/span><\/span><span data-huuid=\"3088194866380344789\">Der Bildschirm wird dunkler und Sie k\u00f6nnen mit der Maus den gew\u00fcnschten Bereich ausw\u00e4hlen.<br \/>\n<\/span><span data-huuid=\"3088194866380345163\">Der Screenshot wird in die Zwischenablage kopiert und kann in einem Bildbearbeitungsprogramm (z.B. Paint) eingef\u00fcgt und gespeichert werden.<span class=\"pjBG2e\" data-cid=\"adea97b6-3547-4b10-8b39-cfca9035e8e0\"><span class=\"UV3uM\">\u00a0<\/span><\/span><\/span><\/p>\n<\/div>\n<div id=\"QtHBaLDODKOK9u8P-YHCqQg__54\" class=\"bsmXxe\"><strong><span role=\"heading\" aria-level=\"2\">Screenshot des gesamten Bildschirms (direkt speichern):<\/span><\/strong><\/div>\n<div class=\"WaaZC\">\n<div id=\"QtHBaLDODKOK9u8P-YHCqQg__42\" class=\"bsmXxe\">\n<div id=\"QtHBaLDODKOK9u8P-YHCqQg__49\" class=\"bsmXxe\">\n<p><span data-huuid=\"3088194866380342002\">Dr\u00fccken Sie <span style=\"color: #3366ff;\">Windows-Logo-Taste + Druck-Taste<\/span> gleichzeitig.<br \/>\n<\/span><span data-huuid=\"3088194866380342376\">Der Bildschirm blinkt kurz auf, um die Aufnahme zu best\u00e4tigen.<br \/>\nDer Screenshot wird automatisch als Datei im Ordner &#8222;Bilder&#8220; &gt; &#8222;Bildschirmfotos&#8220; gespeichert.<span class=\"pjBG2e\" data-cid=\"7fae31bc-ee14-4146-bf85-fbd430b54d56\"><span class=\"UV3uM\">\u00a0<\/span><\/span><\/span><\/p>\n<\/div>\n<\/div>\n<\/div>\n<div id=\"QtHBaLDODKOK9u8P-YHCqQg__59\" class=\"bsmXxe\"><strong><span role=\"heading\" aria-level=\"2\">Screenshot des gesamten Bildschirms (in Zwischenablage):<\/span><span class=\"pjBG2e\" data-cid=\"9882fda5-c389-40d9-8ebc-c0aaffd2a5c1\"><span class=\"UV3uM\">\u00a0<\/span><\/span><\/strong><\/div>\n<div class=\"WaaZC\">\n<div id=\"QtHBaLDODKOK9u8P-YHCqQg__77\" class=\"bsmXxe\">\n<div class=\"rPeykc uP58nb\" data-hveid=\"CHkQAQ\" data-ved=\"2ahUKEwiw96Ha9s6PAxUjhf0HHfmAMIUQo_EKegQIeRAB\">\n<div class=\"NPrrbc\" data-cid=\"9882fda5-c389-40d9-8ebc-c0aaffd2a5c1\" data-uuids=\"3088194866380343124,3088194866380343685,3088194866380344059,3088194866380344433\">\n<div class=\"BMebGe btku5b fCrZyc LwdV0e FR7ZSc qVhvac OJeuxf\" tabindex=\"0\" role=\"button\" aria-label=\"Weitere Informationen anzeigen\" data-hveid=\"CHgQAQ\" data-ved=\"2ahUKEwiw96Ha9s6PAxUjhf0HHfmAMIUQ3fYKegQIeBAB\">\n<div class=\"niO4u\">\n<div class=\"kHtcsd\">\n<div id=\"QtHBaLDODKOK9u8P-YHCqQg__77\" class=\"bsmXxe\">\n<div class=\"rPeykc uP58nb\" data-hveid=\"CHkQAQ\" data-ved=\"2ahUKEwiw96Ha9s6PAxUjhf0HHfmAMIUQo_EKegQIeRAB\">\n<p><span data-huuid=\"3088194866380343685\">Dr\u00fccken Sie nur die <span style=\"color: #3366ff;\">Druck-Taste<\/span>.<br \/>\nDer Screenshot des gesamten Bildschirms wird in die Zwischenablage kopiert.<br \/>\n\u00d6ffnen Sie ein Bildbearbeitungsprogramm wie Paint, f\u00fcgen Sie den Screenshot mit Strg + V ein und speichern Sie ihn. <\/span><\/p>\n<\/div>\n<\/div>\n<\/div>\n<\/div>\n<\/div>\n<\/div>\n<\/div>\n<\/div>\n<\/div>\n<div class=\"WaaZC\">\n<div id=\"QtHBaLDODKOK9u8P-YHCqQg__68\" class=\"bsmXxe\">\n<div class=\"rPeykc uP58nb\" data-hveid=\"CG0QAQ\" data-ved=\"2ahUKEwiw96Ha9s6PAxUjhf0HHfmAMIUQo_EKegQIbRAB\"><strong><span role=\"heading\" aria-level=\"2\">Screenshot des aktiven Fensters:<\/span><\/strong><\/div>\n<\/div>\n<\/div>\n<div class=\"WaaZC\">\n<div id=\"QtHBaLDODKOK9u8P-YHCqQg__37\" class=\"bsmXxe\">\n<div id=\"QtHBaLDODKOK9u8P-YHCqQg__41\" class=\"bsmXxe\">\n<p><span data-huuid=\"3088194866380341272\">Dr\u00fccken Sie <span style=\"color: #3366ff;\">Alt + Druck-Taste<\/span> gleichzeitig.<br \/>\nNur das aktive Fenster wird als Screenshot in die Zwischenablage kopiert.<span class=\"pjBG2e\" data-cid=\"614378c2-95fe-4524-810d-f5c6096f91d3\"><span class=\"UV3uM\"><br \/>\n<\/span><\/span><\/span><span data-huuid=\"3088194866380342020\">F\u00fcgen Sie den Screenshot in einem Bildbearbeitungsprogramm ein und speichern Sie ihn.<span class=\"pjBG2e\" data-cid=\"0a328323-b15d-4683-8957-db3aa2dcf971\"><span class=\"UV3uM\">\u00a0<\/span><\/span><\/span><\/p>\n<\/div>\n<\/div>\n<\/div>\n<div id=\"QtHBaLDODKOK9u8P-YHCqQg__46\" class=\"bsmXxe\">\n<div class=\"NPrrbc\" data-cid=\"0a328323-b15d-4683-8957-db3aa2dcf971\" data-uuids=\"3088194866380342020\">\n<div class=\"BMebGe btku5b fCrZyc LwdV0e FR7ZSc qVhvac OJeuxf\" tabindex=\"0\" role=\"button\" aria-label=\"Weitere Informationen anzeigen\" data-hveid=\"CMYBEAE\" data-ved=\"2ahUKEwiw96Ha9s6PAxUjhf0HHfmAMIUQ3fYKegUIxgEQAQ\">\n<div class=\"niO4u\">\n<div class=\"kHtcsd\"><\/div>\n<\/div>\n<\/div>\n<\/div>\n<\/div>\n<div id=\"QtHBaLDODKOK9u8P-YHCqQg__48\" class=\"bsmXxe\"><\/div>\n<\/div><\/section>\n<div  class='avia-button-wrap avia-button-center  avia-builder-el-1  el_after_av_textblock  avia-builder-el-last ' ><a href='https:\/\/hintzonline.de\/?page_id=141'  class='avia-button  avia-color-theme-color   avia-icon_select-yes-left-icon avia-size-small avia-position-center '   ><span class='avia_button_icon avia_button_icon_left ' aria-hidden='true' data-av_icon='\ue830' data-av_iconfont='entypo-fontello'><\/span><span class='avia_iconbox_title' >Zur\u00fcck<\/span><\/a><\/div>\n","protected":false},"excerpt":{"rendered":"","protected":false},"author":1,"featured_media":0,"parent":0,"menu_order":0,"comment_status":"closed","ping_status":"closed","template":"","meta":{"footnotes":""},"class_list":["post-174","page","type-page","status-publish","hentry"],"_links":{"self":[{"href":"https:\/\/hintzonline.de\/index.php?rest_route=\/wp\/v2\/pages\/174","targetHints":{"allow":["GET"]}}],"collection":[{"href":"https:\/\/hintzonline.de\/index.php?rest_route=\/wp\/v2\/pages"}],"about":[{"href":"https:\/\/hintzonline.de\/index.php?rest_route=\/wp\/v2\/types\/page"}],"author":[{"embeddable":true,"href":"https:\/\/hintzonline.de\/index.php?rest_route=\/wp\/v2\/users\/1"}],"replies":[{"embeddable":true,"href":"https:\/\/hintzonline.de\/index.php?rest_route=%2Fwp%2Fv2%2Fcomments&post=174"}],"version-history":[{"count":3,"href":"https:\/\/hintzonline.de\/index.php?rest_route=\/wp\/v2\/pages\/174\/revisions"}],"predecessor-version":[{"id":194,"href":"https:\/\/hintzonline.de\/index.php?rest_route=\/wp\/v2\/pages\/174\/revisions\/194"}],"wp:attachment":[{"href":"https:\/\/hintzonline.de\/index.php?rest_route=%2Fwp%2Fv2%2Fmedia&parent=174"}],"curies":[{"name":"wp","href":"https:\/\/api.w.org\/{rel}","templated":true}]}}