{"id":180,"date":"2025-09-11T13:15:53","date_gmt":"2025-09-11T11:15:53","guid":{"rendered":"https:\/\/hintzonline.de\/?page_id=180"},"modified":"2025-09-11T13:37:19","modified_gmt":"2025-09-11T11:37:19","slug":"lahme-rechner-beschleunigen","status":"publish","type":"page","link":"https:\/\/hintzonline.de\/?page_id=180","title":{"rendered":"Lahme Rechner beschleunigen"},"content":{"rendered":"<section class=\"av_textblock_section \"  itemscope=\"itemscope\" itemtype=\"https:\/\/schema.org\/CreativeWork\" ><div class='avia_textblock  '   itemprop=\"text\" ><p>Der sogenannte Indexierungsdienst hilft, bei einer Dateisuche schneller Ergebnisse zu erhalten. Doch \u00e4ltere Computer bremst dieser Dienst massiv aus. Denn er l\u00e4uft permanent im Hintergrund und dokumentiert alle Datei\u00e4nderungen.<\/p>\n<p>So deaktivieren Sie den Suchdienst und sorgen f\u00fcr mehr Arbeitstempo:<\/p>\n<p>\u00d6ffnen Sie das <span style=\"color: #3366ff;\">\u201eAusf\u00fchren\u201c<\/span>-Fenster mit der Tastenkombination <span style=\"color: #3366ff;\">Windows-Logo-Taste + R<\/span>, tippen Sie <span style=\"color: #3366ff;\">services.msc<\/span> ein, und best\u00e4tigen Sie mit <span style=\"color: #3366ff;\">OK<\/span>. Suchen Sie nun unten in der Liste nach dem Eintrag <span style=\"color: #3366ff;\">Windows Search<\/span>, und \u00f6ffnen Sie per Doppelklick darauf die <span style=\"color: #3366ff;\">Eigenschaften<\/span>. Auf der Registerkarte <span style=\"color: #3366ff;\">Allgemein<\/span> w\u00e4hlen Sie unter der Kategorie <span style=\"color: #3366ff;\">\u201eStarttyp\u201c<\/span> den Eintrag <span style=\"color: #3366ff;\">Deaktiviert<\/span> aus. Nach einem Klick auf <span style=\"color: #3366ff;\">OK<\/span> bleibt die Windows-Suche ab dem n\u00e4chsten Neustart abgeschaltet.<\/p>\n<\/div><\/section>\n<div  class='avia-button-wrap avia-button-center  avia-builder-el-1  el_after_av_textblock  avia-builder-el-last ' ><a href='https:\/\/hintzonline.de\/?page_id=141'  class='avia-button  avia-color-theme-color   avia-icon_select-yes-left-icon avia-size-small avia-position-center '   ><span class='avia_button_icon avia_button_icon_left ' aria-hidden='true' data-av_icon='\ue830' data-av_iconfont='entypo-fontello'><\/span><span class='avia_iconbox_title' >Zur\u00fcck<\/span><\/a><\/div>\n","protected":false},"excerpt":{"rendered":"","protected":false},"author":1,"featured_media":0,"parent":0,"menu_order":0,"comment_status":"closed","ping_status":"closed","template":"","meta":{"footnotes":""},"class_list":["post-180","page","type-page","status-publish","hentry"],"_links":{"self":[{"href":"https:\/\/hintzonline.de\/index.php?rest_route=\/wp\/v2\/pages\/180","targetHints":{"allow":["GET"]}}],"collection":[{"href":"https:\/\/hintzonline.de\/index.php?rest_route=\/wp\/v2\/pages"}],"about":[{"href":"https:\/\/hintzonline.de\/index.php?rest_route=\/wp\/v2\/types\/page"}],"author":[{"embeddable":true,"href":"https:\/\/hintzonline.de\/index.php?rest_route=\/wp\/v2\/users\/1"}],"replies":[{"embeddable":true,"href":"https:\/\/hintzonline.de\/index.php?rest_route=%2Fwp%2Fv2%2Fcomments&post=180"}],"version-history":[{"count":5,"href":"https:\/\/hintzonline.de\/index.php?rest_route=\/wp\/v2\/pages\/180\/revisions"}],"predecessor-version":[{"id":189,"href":"https:\/\/hintzonline.de\/index.php?rest_route=\/wp\/v2\/pages\/180\/revisions\/189"}],"wp:attachment":[{"href":"https:\/\/hintzonline.de\/index.php?rest_route=%2Fwp%2Fv2%2Fmedia&parent=180"}],"curies":[{"name":"wp","href":"https:\/\/api.w.org\/{rel}","templated":true}]}}