{"id":183,"date":"2025-09-11T13:24:10","date_gmt":"2025-09-11T11:24:10","guid":{"rendered":"https:\/\/hintzonline.de\/?page_id=183"},"modified":"2025-09-11T13:42:18","modified_gmt":"2025-09-11T11:42:18","slug":"stressfreier-fensterwechsel","status":"publish","type":"page","link":"https:\/\/hintzonline.de\/?page_id=183","title":{"rendered":"Stressfreier Fensterwechsel"},"content":{"rendered":"<section class=\"av_textblock_section \"  itemscope=\"itemscope\" itemtype=\"https:\/\/schema.org\/CreativeWork\" ><div class='avia_textblock  '   itemprop=\"text\" ><p>Ein n\u00fctzlicher Tipp f\u00fcr alle, die regelm\u00e4\u00dfig mit vielen ge\u00f6ffneten Fenstern arbeiten und den klassischen Fensterwechsel per Tastatur sch\u00e4tzen:<br \/>\nDie Tastenkombination <span style=\"color: #3366ff;\">Alt + Strg + Tab<\/span> bietet eine komfortable Alternative zur Funktion <span style=\"color: #3366ff;\">Alt + Tab<\/span>.<br \/>\nDer entscheidende Unterschied: W\u00e4hrend bei <span style=\"color: #3366ff;\">Alt + Tab<\/span> die Fenster\u00fcbersicht sofort wieder verschwindet, sobald die Tasten losgelassen werden, bleibt die \u00dcbersicht bei <span style=\"color: #3366ff;\">Alt + Strg + Tab<\/span> dauerhaft auf dem Bildschirm stehen &#8211; zumindest so lange, bis Sie eine Auswahl getroffen haben. Das hat gleich mehrere Vorteile:<br \/>\nSie k\u00f6nnen in aller Ruhe durch die ge\u00f6ffneten Programme navigieren. Gerade bei vielen gleichzeitig laufenden Anwendungen behalten Sie leichter den \u00dcberblick und w\u00e4hlen gezielt das gew\u00fcnschte Fenster aus.<\/p>\n<\/div><\/section>\n<div  class='avia-button-wrap avia-button-center  avia-builder-el-1  el_after_av_textblock  avia-builder-el-last ' ><a href='https:\/\/hintzonline.de\/?page_id=141'  class='avia-button  avia-color-theme-color   avia-icon_select-yes-left-icon avia-size-small avia-position-center '   ><span class='avia_button_icon avia_button_icon_left ' aria-hidden='true' data-av_icon='\ue830' data-av_iconfont='entypo-fontello'><\/span><span class='avia_iconbox_title' >Zur\u00fcck<\/span><\/a><\/div>\n","protected":false},"excerpt":{"rendered":"","protected":false},"author":1,"featured_media":0,"parent":0,"menu_order":0,"comment_status":"closed","ping_status":"closed","template":"","meta":{"footnotes":""},"class_list":["post-183","page","type-page","status-publish","hentry"],"_links":{"self":[{"href":"https:\/\/hintzonline.de\/index.php?rest_route=\/wp\/v2\/pages\/183","targetHints":{"allow":["GET"]}}],"collection":[{"href":"https:\/\/hintzonline.de\/index.php?rest_route=\/wp\/v2\/pages"}],"about":[{"href":"https:\/\/hintzonline.de\/index.php?rest_route=\/wp\/v2\/types\/page"}],"author":[{"embeddable":true,"href":"https:\/\/hintzonline.de\/index.php?rest_route=\/wp\/v2\/users\/1"}],"replies":[{"embeddable":true,"href":"https:\/\/hintzonline.de\/index.php?rest_route=%2Fwp%2Fv2%2Fcomments&post=183"}],"version-history":[{"count":2,"href":"https:\/\/hintzonline.de\/index.php?rest_route=\/wp\/v2\/pages\/183\/revisions"}],"predecessor-version":[{"id":195,"href":"https:\/\/hintzonline.de\/index.php?rest_route=\/wp\/v2\/pages\/183\/revisions\/195"}],"wp:attachment":[{"href":"https:\/\/hintzonline.de\/index.php?rest_route=%2Fwp%2Fv2%2Fmedia&parent=183"}],"curies":[{"name":"wp","href":"https:\/\/api.w.org\/{rel}","templated":true}]}}