{"id":26,"date":"2025-09-08T21:39:03","date_gmt":"2025-09-08T19:39:03","guid":{"rendered":"https:\/\/hintzonline.de\/?page_id=26"},"modified":"2025-09-22T18:50:52","modified_gmt":"2025-09-22T16:50:52","slug":"tipps-webdesign","status":"publish","type":"page","link":"https:\/\/hintzonline.de\/?page_id=26","title":{"rendered":"Tipps Webdesign"},"content":{"rendered":"<section class=\"av_textblock_section \"  itemscope=\"itemscope\" itemtype=\"https:\/\/schema.org\/CreativeWork\" ><div class='avia_textblock  '   itemprop=\"text\" ><p><a href=\"https:\/\/hintzonline.de\/?page_id=30\" rel=\"noopener\">Webseitenladezeiten mit &#8222;TRACERT&#8220; \u00fcberpr\u00fcfen<\/a><br \/>\nVerfolgen Sie den Weg der Daten zu Ihrer Website, und stellen Sie fest, welcher Server f\u00fcr ein langsames Laden Ihrer Site verantwortlich ist.<b><\/b><\/p>\n<p><a href=\"https:\/\/hintzonline.de\/?page_id=32\" rel=\"noopener\">CSS &#8211; very important!<\/a><br \/>\nSie k\u00f6nnen durch den CSS-Befehl &#8222;! important&#8220; Ihre CSS-Objekteigenschaften in der Hierarchie \u00fcber die der benutzerdefinierten Einstellungen des Browsers stellen.<b><\/b><\/p>\n<p><a href=\"https:\/\/hintzonline.de\/?page_id=34\" rel=\"noopener\">Tabellenzellen verlinken<\/a><br \/>\nVerlinken Sie nicht einzelne W\u00f6rter sondern ganze Tabellenzellen.<\/p>\n<p><a href=\"https:\/\/hintzonline.de\/?page_id=64\" rel=\"noopener\">Eigenes Logo neben URL anzeigen lassen<\/a><b><\/b><br \/>\nWie Sie Ihr eigenes Logo neben der URL im Browser und den Seitentiteln in den Bookmarks anzeigen lassen k\u00f6nnen. Dies erh\u00f6ht deutlich den Wiedererkennungswert Ihrer Site.<\/p>\n<p><a href=\"https:\/\/hintzonline.de\/?page_id=39\" rel=\"noopener\">Submit-Button \u00e4ndern<\/a><br \/>\nScript zum \u00c4ndern des Textes auf dem Submit-Button nach dem Anklicken.<\/p>\n<p><a href=\"https:\/\/hintzonline.de\/?page_id=41\" rel=\"noopener\">Tipps f\u00fcr besseres Suchmaschinenranking<\/a><br \/>\nHier ein paar Tipps, wie Sie Ihr Ranking in einer Suchmaschine verbessern k\u00f6nnen.<\/p>\n<p><a href=\"https:\/\/hintzonline.de\/?page_id=43\" rel=\"noopener\">Tooltipps<\/a><br \/>\nWie man die kleinen hilfreichen gelben Fensterchen <i>(Tooltipp) <\/i>erstellen kann.<\/p>\n<p><a href=\"https:\/\/hintzonline.de\/?page_id=46\" rel=\"noopener\">E-Mail-Adresse verbergen<\/a><br \/>\nVerbergen Sie Ihre E-Mail-Adresse, um sie vor Spam-Robotern zu sch\u00fctzen<\/p>\n<p><a href=\"https:\/\/hintzonline.de\/?page_id=48\" rel=\"noopener\">Immer aktuelle Seite<\/a><br \/>\nDurch das Unterbinden von Zwischenspeichern Ihrer Seiten in diversen Caches, immer aktuelle Seiten anzeigen lassen.<\/p>\n<p><a href=\"https:\/\/hintzonline.de\/?page_id=50\" rel=\"noopener\">Blinkende Buttons<\/a><br \/>\nMit ein wenig JavaScript Buttons blinken lassen, um den Besucher auf sie aufmerksam zu machen.<\/p>\n<p><a href=\"https:\/\/hintzonline.de\/?page_id=52\" rel=\"noopener\">Erster Buchstabe gro\u00df<\/a><br \/>\nVergr\u00f6\u00dfern Sie bei l\u00e4ngeren Texten den ersten Buchstaben eines Absatzes.<\/p>\n<p><a href=\"https:\/\/hintzonline.de\/?page_id=54\" rel=\"noopener\">Hintergrundbilder positionieren<\/a><br \/>\nDank CSS k\u00f6nnen Sie Hintergrundbilder sehr gut unabh\u00e4ngig von der Browsergr\u00f6\u00dfe positionieren.<\/p>\n<p><a href=\"https:\/\/hintzonline.de\/?page_id=56\" rel=\"noopener\">Informationen zum Impressum<\/a><br \/>\nWas Sie \u00fcber das Impressum wissen sollten.<\/p>\n<p><a href=\"https:\/\/hintzonline.de\/?page_id=58\" rel=\"noopener\">Framedarstellung unterbinden<\/a><br \/>\nWie Sie verhindern k\u00f6nnen, dass Ihre Web-Seite in einem Frame dargestellt wird.<\/p>\n<\/div><\/section>\n","protected":false},"excerpt":{"rendered":"","protected":false},"author":1,"featured_media":0,"parent":0,"menu_order":0,"comment_status":"closed","ping_status":"closed","template":"","meta":{"footnotes":""},"class_list":["post-26","page","type-page","status-publish","hentry"],"_links":{"self":[{"href":"https:\/\/hintzonline.de\/index.php?rest_route=\/wp\/v2\/pages\/26","targetHints":{"allow":["GET"]}}],"collection":[{"href":"https:\/\/hintzonline.de\/index.php?rest_route=\/wp\/v2\/pages"}],"about":[{"href":"https:\/\/hintzonline.de\/index.php?rest_route=\/wp\/v2\/types\/page"}],"author":[{"embeddable":true,"href":"https:\/\/hintzonline.de\/index.php?rest_route=\/wp\/v2\/users\/1"}],"replies":[{"embeddable":true,"href":"https:\/\/hintzonline.de\/index.php?rest_route=%2Fwp%2Fv2%2Fcomments&post=26"}],"version-history":[{"count":12,"href":"https:\/\/hintzonline.de\/index.php?rest_route=\/wp\/v2\/pages\/26\/revisions"}],"predecessor-version":[{"id":409,"href":"https:\/\/hintzonline.de\/index.php?rest_route=\/wp\/v2\/pages\/26\/revisions\/409"}],"wp:attachment":[{"href":"https:\/\/hintzonline.de\/index.php?rest_route=%2Fwp%2Fv2%2Fmedia&parent=26"}],"curies":[{"name":"wp","href":"https:\/\/api.w.org\/{rel}","templated":true}]}}