{"id":413,"date":"2025-09-26T10:10:47","date_gmt":"2025-09-26T08:10:47","guid":{"rendered":"https:\/\/hintzonline.de\/?page_id=413"},"modified":"2025-09-26T10:10:47","modified_gmt":"2025-09-26T08:10:47","slug":"windowslautstaerke-per-mausrad-regeln","status":"publish","type":"page","link":"https:\/\/hintzonline.de\/?page_id=413","title":{"rendered":"Windowslautst\u00e4rke per Mausrad regeln"},"content":{"rendered":"<section class=\"av_textblock_section \"  itemscope=\"itemscope\" itemtype=\"https:\/\/schema.org\/CreativeWork\" ><div class='avia_textblock  '   itemprop=\"text\" ><p>Um die Wiedergabelautst\u00e4rke Ihres Computers zu ver\u00e4ndern, m\u00fcssen Sie nicht jedes Mal umst\u00e4ndlich die Schnelleinstellungen aufrufen und dort den Regler per Hand verschieben. Es geht auch deutlich einfacher:<br \/>\nBewegen Sie einfach den <span style=\"color: #3366ff;\">Mauszeiger<\/span> \u00fcber das <span style=\"color: #3366ff;\">Lautsprechersymbol<\/span> unten rechts in der Taskleiste (Systray) und <span style=\"color: #3366ff;\">drehen Sie das Mausrad<\/span> &#8211; nach oben zum Erh\u00f6hen, nach unten zum Verringern der Lautst\u00e4rke.<\/p>\n<p>Falls das nicht funktioniert, m\u00fcssen Sie noch eine bestimmte Einstellung aktivieren. \u00d6ffnen Sie dazu mit der <span style=\"color: #3366ff;\">Windowstaste + I<\/span> die Einstellungen, und klicken Sie auf <span style=\"color: #3366ff;\">Bluetooth<\/span> und <span style=\"color: #3366ff;\">Ger\u00e4te und Maus<\/span>.<br \/>\nStellen Sie sicher, dass in diesem Men\u00fc die Option <span style=\"color: #3366ff;\">\u201eScrollen von inaktiven Fenstern, wenn der Mauszeiger dar\u00fcber schwebt\u201c<\/span> aktiviert ist.<\/p>\n<\/div><\/section>\n<div  class='avia-button-wrap avia-button-center  avia-builder-el-1  el_after_av_textblock  avia-builder-el-last ' ><a href='https:\/\/hintzonline.de\/?page_id=141'  class='avia-button  avia-color-theme-color   avia-icon_select-yes-left-icon avia-size-small avia-position-center '   ><span class='avia_button_icon avia_button_icon_left ' aria-hidden='true' data-av_icon='\ue830' data-av_iconfont='entypo-fontello'><\/span><span class='avia_iconbox_title' >Zur\u00fcck<\/span><\/a><\/div>\n","protected":false},"excerpt":{"rendered":"","protected":false},"author":1,"featured_media":0,"parent":0,"menu_order":0,"comment_status":"closed","ping_status":"closed","template":"","meta":{"footnotes":""},"class_list":["post-413","page","type-page","status-publish","hentry"],"_links":{"self":[{"href":"https:\/\/hintzonline.de\/index.php?rest_route=\/wp\/v2\/pages\/413","targetHints":{"allow":["GET"]}}],"collection":[{"href":"https:\/\/hintzonline.de\/index.php?rest_route=\/wp\/v2\/pages"}],"about":[{"href":"https:\/\/hintzonline.de\/index.php?rest_route=\/wp\/v2\/types\/page"}],"author":[{"embeddable":true,"href":"https:\/\/hintzonline.de\/index.php?rest_route=\/wp\/v2\/users\/1"}],"replies":[{"embeddable":true,"href":"https:\/\/hintzonline.de\/index.php?rest_route=%2Fwp%2Fv2%2Fcomments&post=413"}],"version-history":[{"count":1,"href":"https:\/\/hintzonline.de\/index.php?rest_route=\/wp\/v2\/pages\/413\/revisions"}],"predecessor-version":[{"id":414,"href":"https:\/\/hintzonline.de\/index.php?rest_route=\/wp\/v2\/pages\/413\/revisions\/414"}],"wp:attachment":[{"href":"https:\/\/hintzonline.de\/index.php?rest_route=%2Fwp%2Fv2%2Fmedia&parent=413"}],"curies":[{"name":"wp","href":"https:\/\/api.w.org\/{rel}","templated":true}]}}