{"id":416,"date":"2025-09-26T10:29:41","date_gmt":"2025-09-26T08:29:41","guid":{"rendered":"https:\/\/hintzonline.de\/?page_id=416"},"modified":"2025-09-26T10:29:41","modified_gmt":"2025-09-26T08:29:41","slug":"kapazitaet-ihres-notebook-akkus-ueberpruefen","status":"publish","type":"page","link":"https:\/\/hintzonline.de\/?page_id=416","title":{"rendered":"Kapazit\u00e4t Ihres Notebook-Akkus \u00fcberpr\u00fcfen"},"content":{"rendered":"<section class=\"av_textblock_section \"  itemscope=\"itemscope\" itemtype=\"https:\/\/schema.org\/CreativeWork\" ><div class='avia_textblock  '   itemprop=\"text\" ><p>Sie f\u00fcrchten, dass der Akku Ihres Notebooks schlappmacht? Um das zu pr\u00fcfen, tippen Sie <span style=\"color: #3366ff;\">cmd<\/span> ins Windows-Suchfeld. Klicken Sie mit der <span style=\"color: #3366ff;\">rechten Maustaste<\/span> auf <span style=\"color: #3366ff;\">Eingabeaufforderung<\/span> und w\u00e4hlen <span style=\"color: #3366ff;\">Als Administrator ausf\u00fchren<\/span>.<br \/>\nIns neue Fenster tippen Sie <span style=\"color: #3366ff;\">powercfg \/batteryreport \/output C:\\battery.html<\/span> ein und dr\u00fccken die Taste <span style=\"color: #3366ff;\">Enter<\/span>.<br \/>\n\u00d6ffnen Sie nun per <span style=\"color: #3366ff;\">Windowstaste + E<\/span> den Windows-Explorer und dann nach Klicks auf <span style=\"color: #3366ff;\">Dieser PC<\/span> und auf das <span style=\"color: #3366ff;\">Laufwerk C:<\/span> die Datei <span style=\"color: #3366ff;\">battery.html<\/span>.<br \/>\nIm Abschnitt <span style=\"color: #3366ff;\">\u201eInstalled batteries\u201c<\/span> sehen Sie die urspr\u00fcngliche Kapazit\u00e4t im Neuzustand (\u201edesign capacity\u201c) sowie die derzeitige Kapazit\u00e4t (\u201efull charge capacity\u201c).<br \/>\nTeilen Sie den Wert f\u00fcr <span style=\"color: #3366ff;\">\u201efull charge capacity\u201c<\/span> durch den f\u00fcr <span style=\"color: #3366ff;\">\u201edesign capacity\u201c<\/span> und multiplizieren Sie das Ergebnis mit 100, erhalten Sie die aktuelle Leistung in Prozent.<br \/>\n<span style=\"color: #3366ff;\">Beispiel:<\/span> Betr\u00e4gt die design capacity 54 mWh und die full charge capacity 44 mWh, bringt der Akku 81 Prozent der urspr\u00fcnglichen Leistung. Bei Werten unter 60 Prozent sollten Sie den Austausch des Akkus erw\u00e4gen.<\/p>\n<\/div><\/section>\n<div  class='avia-button-wrap avia-button-center  avia-builder-el-1  el_after_av_textblock  avia-builder-el-last ' ><a href='https:\/\/hintzonline.de\/?page_id=141'  class='avia-button  avia-color-theme-color   avia-icon_select-yes-left-icon avia-size-small avia-position-center '   ><span class='avia_button_icon avia_button_icon_left ' aria-hidden='true' data-av_icon='\ue830' data-av_iconfont='entypo-fontello'><\/span><span class='avia_iconbox_title' >Zur\u00fcck<\/span><\/a><\/div>\n","protected":false},"excerpt":{"rendered":"","protected":false},"author":1,"featured_media":0,"parent":0,"menu_order":0,"comment_status":"closed","ping_status":"closed","template":"","meta":{"footnotes":""},"class_list":["post-416","page","type-page","status-publish","hentry"],"_links":{"self":[{"href":"https:\/\/hintzonline.de\/index.php?rest_route=\/wp\/v2\/pages\/416","targetHints":{"allow":["GET"]}}],"collection":[{"href":"https:\/\/hintzonline.de\/index.php?rest_route=\/wp\/v2\/pages"}],"about":[{"href":"https:\/\/hintzonline.de\/index.php?rest_route=\/wp\/v2\/types\/page"}],"author":[{"embeddable":true,"href":"https:\/\/hintzonline.de\/index.php?rest_route=\/wp\/v2\/users\/1"}],"replies":[{"embeddable":true,"href":"https:\/\/hintzonline.de\/index.php?rest_route=%2Fwp%2Fv2%2Fcomments&post=416"}],"version-history":[{"count":1,"href":"https:\/\/hintzonline.de\/index.php?rest_route=\/wp\/v2\/pages\/416\/revisions"}],"predecessor-version":[{"id":417,"href":"https:\/\/hintzonline.de\/index.php?rest_route=\/wp\/v2\/pages\/416\/revisions\/417"}],"wp:attachment":[{"href":"https:\/\/hintzonline.de\/index.php?rest_route=%2Fwp%2Fv2%2Fmedia&parent=416"}],"curies":[{"name":"wp","href":"https:\/\/api.w.org\/{rel}","templated":true}]}}