{"id":419,"date":"2025-09-26T10:50:36","date_gmt":"2025-09-26T08:50:36","guid":{"rendered":"https:\/\/hintzonline.de\/?page_id=419"},"modified":"2025-09-26T10:50:36","modified_gmt":"2025-09-26T08:50:36","slug":"dateiensuche-durch-suchoptionen-verbessern","status":"publish","type":"page","link":"https:\/\/hintzonline.de\/?page_id=419","title":{"rendered":"Dateiensuche durch Suchoptionen verbessern"},"content":{"rendered":"<section class=\"av_textblock_section \"  itemscope=\"itemscope\" itemtype=\"https:\/\/schema.org\/CreativeWork\" ><div class='avia_textblock  '   itemprop=\"text\" ><p>Manchmal bringen einen die Treffer im Suchfeld von Windows nicht weiter. Das gilt vor allem dann, wenn die Trefferliste zu gro\u00df wird oder es um komplexe Suchanfragen geht.<br \/>\nIn diesem Fall hilft eine gezielte Explorer-Suche weiter.<br \/>\n\u00d6ffnen Sie etwa mit der <span style=\"color: #3366ff;\">Windowstaste + E<\/span> den Windows-Explorer, und <span style=\"color: #3366ff;\">markieren<\/span> Sie per Klick links im Ordnerbaum den <span style=\"color: #3366ff;\">Ordner<\/span>, den Sie durchsuchen wollen, etwa Dokumente.<br \/>\n<span style=\"color: #3366ff;\">Klicken<\/span> Sie dann ins <span style=\"color: #3366ff;\">Suchfenster<\/span> oben rechts. Tippen Sie dort den Suchbegriff ein, und w\u00e4hlen Sie in der Leiste darunter den Men\u00fcpunkt <span style=\"color: #3366ff;\">Suchoptionen<\/span>.<\/p>\n<p>Hier k\u00f6nnen Sie einige Dinge gezielt einstellen.<\/p>\n<p><span style=\"color: #3366ff;\">Suchort:<\/span><br \/>\nStandardm\u00e4\u00dfig ist an dieser Stelle \u201eAlle Unterordner\u201c eingestellt. Das bedeutet, die Suchfunktion durchforstet den aktuell ge\u00f6ffneten sowie alle darin enthaltenen Ordner nach dem eingegebenen Suchbegriff.<br \/>\nSoll sich stattdessen die Suche auf den ge\u00f6ffneten Ordner beschr\u00e4nken, markieren Sie Aktueller Ordner.<\/p>\n<p><span style=\"color: #3366ff;\">Zeitraum:<\/span><br \/>\nBewegen Sie den Mauszeiger auf \u00c4nderungsdatum, k\u00f6nnen Sie den Zeitraum einschr\u00e4nken, in dem Windows suchen soll.<\/p>\n<p><span style=\"color: #3366ff;\">Typ:<\/span><br \/>\nKlicken Sie auf Art, k\u00f6nnen Sie nach bestimmten Dateitypen fahnden, etwa Dokumenten, Bildern oder Videos.<\/p>\n<p><span style=\"color: #3366ff;\">Gr\u00f6\u00dfe:<\/span><br \/>\nEin weiterer m\u00f6glicher Suchparameter ist die Gr\u00f6\u00dfe, die Sie nach einem Klick auf Gr\u00f6\u00dfe vorgeben k\u00f6nnen. Auf diese Weise k\u00f6nnen Sie etwa nach hochaufl\u00f6senden Fotos suchen, wenn Sie hier Gro\u00df oder gar Riesig w\u00e4hlen.<\/p>\n<\/div><\/section>\n<div  class='avia-button-wrap avia-button-center  avia-builder-el-1  el_after_av_textblock  avia-builder-el-last ' ><a href='https:\/\/hintzonline.de\/?page_id=141'  class='avia-button  avia-color-theme-color   avia-icon_select-yes-left-icon avia-size-small avia-position-center '   ><span class='avia_button_icon avia_button_icon_left ' aria-hidden='true' data-av_icon='\ue830' data-av_iconfont='entypo-fontello'><\/span><span class='avia_iconbox_title' >Zur\u00fcck<\/span><\/a><\/div>\n","protected":false},"excerpt":{"rendered":"","protected":false},"author":1,"featured_media":0,"parent":0,"menu_order":0,"comment_status":"closed","ping_status":"closed","template":"","meta":{"footnotes":""},"class_list":["post-419","page","type-page","status-publish","hentry"],"_links":{"self":[{"href":"https:\/\/hintzonline.de\/index.php?rest_route=\/wp\/v2\/pages\/419","targetHints":{"allow":["GET"]}}],"collection":[{"href":"https:\/\/hintzonline.de\/index.php?rest_route=\/wp\/v2\/pages"}],"about":[{"href":"https:\/\/hintzonline.de\/index.php?rest_route=\/wp\/v2\/types\/page"}],"author":[{"embeddable":true,"href":"https:\/\/hintzonline.de\/index.php?rest_route=\/wp\/v2\/users\/1"}],"replies":[{"embeddable":true,"href":"https:\/\/hintzonline.de\/index.php?rest_route=%2Fwp%2Fv2%2Fcomments&post=419"}],"version-history":[{"count":1,"href":"https:\/\/hintzonline.de\/index.php?rest_route=\/wp\/v2\/pages\/419\/revisions"}],"predecessor-version":[{"id":420,"href":"https:\/\/hintzonline.de\/index.php?rest_route=\/wp\/v2\/pages\/419\/revisions\/420"}],"wp:attachment":[{"href":"https:\/\/hintzonline.de\/index.php?rest_route=%2Fwp%2Fv2%2Fmedia&parent=419"}],"curies":[{"name":"wp","href":"https:\/\/api.w.org\/{rel}","templated":true}]}}