{"id":435,"date":"2025-09-29T07:43:42","date_gmt":"2025-09-29T05:43:42","guid":{"rendered":"https:\/\/hintzonline.de\/?page_id=435"},"modified":"2025-09-29T07:43:42","modified_gmt":"2025-09-29T05:43:42","slug":"zugriff-auf-web-cam-ueberwachen","status":"publish","type":"page","link":"https:\/\/hintzonline.de\/?page_id=435","title":{"rendered":"Zugriff auf Web-Cam \u00fcberwachen"},"content":{"rendered":"<section class=\"av_textblock_section \"  itemscope=\"itemscope\" itemtype=\"https:\/\/schema.org\/CreativeWork\" ><div class='avia_textblock  '   itemprop=\"text\" ><p>Haben Sie den Verdacht, dass ein Hacker oder eine unbekannte Anwendung heimlich Ihre Webcam nutzt?<br \/>\nMit Windows 11 k\u00f6nnen Sie das ganz einfach \u00fcberpr\u00fcfen. Das Betriebssystem bietet eine praktische Protokollfunktion, die genau anzeigt, wann und welche Programme auf Ihre Kamera zugegriffen haben.<\/p>\n<p>So geht es:<br \/>\n\u00d6ffnen Sie die Einstellungen von Windows 11 \u00fcber die Tastenkombination <span style=\"color: #3366ff;\">Windowstaste + I<\/span>. Klicken Sie anschlie\u00dfend auf <span style=\"color: #3366ff;\">Datenschutz und Sicherheit<\/span> und dann unter <span style=\"color: #3366ff;\">\u201eApp-Berechtigungen\u201c<\/span> auf <span style=\"color: #3366ff;\">Kamera<\/span>.<br \/>\nIm neuen Men\u00fc finden Sie die Rubrik <span style=\"color: #3366ff;\">\u201eAktuelle Aktivit\u00e4t\u201c<\/span>, die Ihnen zeigt, welche Apps in den letzten sieben Tagen Zugriff auf Ihre Kamera hatten.<br \/>\nAuch k\u00f6nnen Sie unter <span style=\"color: #3366ff;\">\u201eApps den Zugriff auf Ihre Kamera erlauben\u201c<\/span> nachsehen, welche Programme die Berechtigung haben, die Webcam zu nutzen. Hier k\u00f6nnen Sie den Zugriff von Programmen bei Bedarf deaktivieren.<\/p>\n<\/div><\/section>\n<div  class='avia-button-wrap avia-button-center  avia-builder-el-1  el_after_av_textblock  avia-builder-el-last ' ><a href='https:\/\/hintzonline.de\/?page_id=141'  class='avia-button  avia-color-theme-color   avia-icon_select-yes-left-icon avia-size-small avia-position-center '   ><span class='avia_button_icon avia_button_icon_left ' aria-hidden='true' data-av_icon='\ue830' data-av_iconfont='entypo-fontello'><\/span><span class='avia_iconbox_title' >Zur\u00fcck<\/span><\/a><\/div>\n","protected":false},"excerpt":{"rendered":"","protected":false},"author":1,"featured_media":0,"parent":0,"menu_order":0,"comment_status":"closed","ping_status":"closed","template":"","meta":{"footnotes":""},"class_list":["post-435","page","type-page","status-publish","hentry"],"_links":{"self":[{"href":"https:\/\/hintzonline.de\/index.php?rest_route=\/wp\/v2\/pages\/435","targetHints":{"allow":["GET"]}}],"collection":[{"href":"https:\/\/hintzonline.de\/index.php?rest_route=\/wp\/v2\/pages"}],"about":[{"href":"https:\/\/hintzonline.de\/index.php?rest_route=\/wp\/v2\/types\/page"}],"author":[{"embeddable":true,"href":"https:\/\/hintzonline.de\/index.php?rest_route=\/wp\/v2\/users\/1"}],"replies":[{"embeddable":true,"href":"https:\/\/hintzonline.de\/index.php?rest_route=%2Fwp%2Fv2%2Fcomments&post=435"}],"version-history":[{"count":1,"href":"https:\/\/hintzonline.de\/index.php?rest_route=\/wp\/v2\/pages\/435\/revisions"}],"predecessor-version":[{"id":436,"href":"https:\/\/hintzonline.de\/index.php?rest_route=\/wp\/v2\/pages\/435\/revisions\/436"}],"wp:attachment":[{"href":"https:\/\/hintzonline.de\/index.php?rest_route=%2Fwp%2Fv2%2Fmedia&parent=435"}],"curies":[{"name":"wp","href":"https:\/\/api.w.org\/{rel}","templated":true}]}}