{"id":46,"date":"2025-09-08T22:14:42","date_gmt":"2025-09-08T20:14:42","guid":{"rendered":"https:\/\/hintzonline.de\/?page_id=46"},"modified":"2025-09-11T16:14:13","modified_gmt":"2025-09-11T14:14:13","slug":"e-mail-adresse-verbergen","status":"publish","type":"page","link":"https:\/\/hintzonline.de\/?page_id=46","title":{"rendered":"E-Mail-Adresse verbergen"},"content":{"rendered":"<p>Es ist sehr sinnvoll die Mail-Adresse in der erstellten Homepage zu verbergen, damit sie nicht von den sogenannten E-Mail-Harvestern oder Spambots gefunden wird. Dies sind Suchroboter, die E-Mail-Adressen in Webseiten aufsp\u00fcren und f\u00fcr Spam- bzw. Werbemails verwenden.<\/p>\n<p>Es gibt drei M\u00f6glichkeiten diese Roboter zu \u00fcberlisten :<\/p>\n<p>1. Die Verwendung von CGI-gesteuerten Mail-Formularen, die viele Provider anbieten.<\/p>\n<p>2. Die Mail-Adresse als Grafik in die Seite einbinden; das hat den Nachteil, da\u00df das die Adresse f\u00fcr den Kontakt ab getippt werden mu\u00df.<\/p>\n<p>3. Die Mail-Adresse mit dem folgenden Java-Script f\u00fcr die Suchroboter unsichtbar machen:<\/p>\n<p><span style=\"color: #3366ff;\">&lt;script language=&#8220;JavaScript&#8220;&gt;<br \/>\n&lt;!&#8211;<br \/>\nvar name = &#8222;adresse&#8220;;<br \/>\nvar domain = &#8222;provider.de&#8220;;<br \/>\ndocument.write(&#8218;&lt;a href=\\&#8220;mailto:&#8216; + name + &#8218;@&#8216; + domain + &#8218;\\&#8220;&gt;&#8216;);<br \/>\ndocument.write(name + &#8218;@&#8216; + domain + &#8218;&lt;\/a&gt;&#8216;);<br \/>\n\/\/&#8211;&gt;<br \/>\n&lt;\/script&gt;<\/span><\/p>\n<p>Sie m\u00fcssen in dem Script in den Anweisungen &#8222;var name&#8220; und &#8222;var domain&#8220; lediglich Ihre richtigen Daten eintragen.<\/p>\n<p>Das fertige Script sieht dann folgenderma\u00dfen aus:<\/p>\n<p><a href=\"mailto:info@hintzonline.de\">info@hintzonline.de<\/a><\/p>\n<div  class='avia-button-wrap avia-button-center  avia-builder-el-0  avia-builder-el-no-sibling ' ><a href='https:\/\/hintzonline.de\/?page_id=26'  class='avia-button  avia-color-theme-color   avia-icon_select-yes-left-icon avia-size-small avia-position-center '   ><span class='avia_button_icon avia_button_icon_left ' aria-hidden='true' data-av_icon='\ue830' data-av_iconfont='entypo-fontello'><\/span><span class='avia_iconbox_title' >Zur\u00fcck<\/span><\/a><\/div>\n","protected":false},"excerpt":{"rendered":"<p>Es ist sehr sinnvoll die Mail-Adresse in der erstellten Homepage zu verbergen, damit sie nicht von den sogenannten E-Mail-Harvestern oder Spambots gefunden wird. Dies sind Suchroboter, die E-Mail-Adressen in Webseiten aufsp\u00fcren und f\u00fcr Spam- bzw. Werbemails verwenden. Es gibt drei M\u00f6glichkeiten diese Roboter zu \u00fcberlisten : 1. Die Verwendung von CGI-gesteuerten Mail-Formularen, die viele Provider [&hellip;]<\/p>\n","protected":false},"author":1,"featured_media":0,"parent":0,"menu_order":0,"comment_status":"closed","ping_status":"closed","template":"","meta":{"footnotes":""},"class_list":["post-46","page","type-page","status-publish","hentry"],"_links":{"self":[{"href":"https:\/\/hintzonline.de\/index.php?rest_route=\/wp\/v2\/pages\/46","targetHints":{"allow":["GET"]}}],"collection":[{"href":"https:\/\/hintzonline.de\/index.php?rest_route=\/wp\/v2\/pages"}],"about":[{"href":"https:\/\/hintzonline.de\/index.php?rest_route=\/wp\/v2\/types\/page"}],"author":[{"embeddable":true,"href":"https:\/\/hintzonline.de\/index.php?rest_route=\/wp\/v2\/users\/1"}],"replies":[{"embeddable":true,"href":"https:\/\/hintzonline.de\/index.php?rest_route=%2Fwp%2Fv2%2Fcomments&post=46"}],"version-history":[{"count":5,"href":"https:\/\/hintzonline.de\/index.php?rest_route=\/wp\/v2\/pages\/46\/revisions"}],"predecessor-version":[{"id":262,"href":"https:\/\/hintzonline.de\/index.php?rest_route=\/wp\/v2\/pages\/46\/revisions\/262"}],"wp:attachment":[{"href":"https:\/\/hintzonline.de\/index.php?rest_route=%2Fwp%2Fv2%2Fmedia&parent=46"}],"curies":[{"name":"wp","href":"https:\/\/api.w.org\/{rel}","templated":true}]}}