{"id":496,"date":"2026-01-11T01:26:45","date_gmt":"2026-01-10T23:26:45","guid":{"rendered":"https:\/\/hintzonline.de\/?page_id=496"},"modified":"2026-01-11T01:32:23","modified_gmt":"2026-01-10T23:32:23","slug":"stoerrische-programme-per-rechts-klick-benden","status":"publish","type":"page","link":"https:\/\/hintzonline.de\/?page_id=496","title":{"rendered":"St\u00f6rrische Programme per Rechts-Klick beenden"},"content":{"rendered":"<section class=\"av_textblock_section \"  itemscope=\"itemscope\" itemtype=\"https:\/\/schema.org\/CreativeWork\" ><div class='avia_textblock  '   itemprop=\"text\" ><p>Seit Kurzem hat Microsoft eine interessante und n\u00fctzliche Funktion eingef\u00fchrt, mit dem Sie st\u00f6r-<br \/>\nrische, nicht mehr reagierende Programme einfach per Rechtsklick beenden k\u00f6nnen. Damit das<br \/>\nGanze klappt, m\u00fcssen Sie in den <span style=\"color: #3366ff;\">Windows-Einstellungen<\/span> (Windowstaste + I) unter<br \/>\n<span style=\"color: #3366ff;\">System<\/span> und <span style=\"color: #3366ff;\">Erweitert<\/span> die Funktion <span style=\"color: #3366ff;\">Task beenden<\/span> aktivieren. Danach brauchen Sie lediglich<br \/>\nmit der rechten Maustaste auf das Symbol der jeweiligen Anwendung in der Taskleiste zu klicken<br \/>\nund im Aufklappmen\u00fc <span style=\"color: #3366ff;\">Task beenden<\/span> w\u00e4hlen. Bisher musste man daf\u00fcr immer einen Umweg<br \/>\n\u00fcber den Task-Manager machen und das Programm umst\u00e4ndlich suchen.<\/p>\n<\/div><\/section>\n<div  class='avia-button-wrap avia-button-center  avia-builder-el-1  el_after_av_textblock  avia-builder-el-last ' ><a href='https:\/\/hintzonline.de\/?page_id=141'  class='avia-button  avia-color-theme-color   avia-icon_select-yes-left-icon avia-size-small avia-position-center '   ><span class='avia_button_icon avia_button_icon_left ' aria-hidden='true' data-av_icon='\ue830' data-av_iconfont='entypo-fontello'><\/span><span class='avia_iconbox_title' >Zur\u00fcck<\/span><\/a><\/div>\n","protected":false},"excerpt":{"rendered":"","protected":false},"author":1,"featured_media":0,"parent":0,"menu_order":0,"comment_status":"closed","ping_status":"closed","template":"","meta":{"footnotes":""},"class_list":["post-496","page","type-page","status-publish","hentry"],"_links":{"self":[{"href":"https:\/\/hintzonline.de\/index.php?rest_route=\/wp\/v2\/pages\/496","targetHints":{"allow":["GET"]}}],"collection":[{"href":"https:\/\/hintzonline.de\/index.php?rest_route=\/wp\/v2\/pages"}],"about":[{"href":"https:\/\/hintzonline.de\/index.php?rest_route=\/wp\/v2\/types\/page"}],"author":[{"embeddable":true,"href":"https:\/\/hintzonline.de\/index.php?rest_route=\/wp\/v2\/users\/1"}],"replies":[{"embeddable":true,"href":"https:\/\/hintzonline.de\/index.php?rest_route=%2Fwp%2Fv2%2Fcomments&post=496"}],"version-history":[{"count":2,"href":"https:\/\/hintzonline.de\/index.php?rest_route=\/wp\/v2\/pages\/496\/revisions"}],"predecessor-version":[{"id":501,"href":"https:\/\/hintzonline.de\/index.php?rest_route=\/wp\/v2\/pages\/496\/revisions\/501"}],"wp:attachment":[{"href":"https:\/\/hintzonline.de\/index.php?rest_route=%2Fwp%2Fv2%2Fmedia&parent=496"}],"curies":[{"name":"wp","href":"https:\/\/api.w.org\/{rel}","templated":true}]}}